{"id":414,"date":"2022-12-13T00:37:45","date_gmt":"2022-12-13T00:37:45","guid":{"rendered":"https:\/\/mydoki.com\/politica-de-privacidad\/"},"modified":"2022-12-13T00:37:45","modified_gmt":"2022-12-13T00:37:45","slug":"politica-de-privacidad","status":"publish","type":"page","link":"https:\/\/nexu.co\/blog\/politica-de-privacidad\/","title":{"rendered":"POL\u00cdTICA DE PRIVACIDAD"},"content":{"rendered":"\n<p>La presente pol\u00edtica de privacidad (la \u201c<strong>Pol\u00edtica de Privacidad<\/strong>\u201d), tiene por finalidad informar, de manera clara y precisa, a los usuarios (en adelante, los \u201c<strong>Usuarios Finales<\/strong>\u201d) que naveguen y utilicen la plataforma creada (la \u201c<strong>Plataforma<\/strong>\u201d), as\u00ed como informar a aquellos profesionales que hayan contrato o quieran contratar los servicios de Nexu(los \u201d<strong>Profesionales<\/strong>\u201d), sobre el tratamiento de los datos de car\u00e1cter personal recabados por la sociedad MH CASA TECHNOLOGY SPAIN S.L.U. (\u201c<strong>Nexu<\/strong>\u201d o la \u201c<strong>Sociedad<\/strong>\u201d) a trav\u00e9s de la referida Plataforma.<\/p>\n\n\n\n<p>En adelante, se referir\u00e1 en la presente Pol\u00edtica de Privacidad a los Profesionales y a los Usuarios Finales, conjuntamente, como \u201c<strong>Usuarios<\/strong>\u201d o, individualmente, como \u201c<strong>Usuario<\/strong>\u201d.<\/p>\n\n\n\n<p>La presente Pol\u00edtica de Privacidad s\u00f3lo es aplicable a la Plataforma que Nexu pone a disposici\u00f3n de los Usuarios, declinando la Sociedad cualquier responsabilidad sobre las diferentes pol\u00edticas de privacidad y protecci\u00f3n de datos de car\u00e1cter personal que puedan contener las p\u00e1ginas web a las cuales el Usuario pueda acceder a trav\u00e9s de los hiperv\u00ednculos ubicados en la Plataforma y no gestionadas directamente por Nexu.<\/p>\n\n\n\n<p>Esta Pol\u00edtica de Privacidad se aplica a la informaci\u00f3n que Nexu recoge a trav\u00e9s de la Plataforma como, por ejemplo, mediante un formulario de registro o formulario de contacto o a trav\u00e9s de la navegaci\u00f3n.<\/p>\n\n\n\n<p>De conformidad con lo dispuesto en la normativa aplicable, la Sociedad informa a los Usuarios de que los datos que faciliten a trav\u00e9s de la Plataforma ser\u00e1n incorporados a sus ficheros de datos, de los que es responsable.<\/p>\n\n\n\n<p>La cumplimentaci\u00f3n del formulario de registro por parte de los Usuarios, as\u00ed como los datos proporcionados por el Usuario durante la prestaci\u00f3n de los servicios, implica necesariamente, y sin reservas, el conocimiento y aceptaci\u00f3n de la presente Pol\u00edtica de Privacidad. Por tanto, se recomienda a los Usuarios que, con car\u00e1cter previo, lean detenidamente la presente Pol\u00edtica de Privacidad.<\/p>\n\n\n\n<h3 class=\"wp-block-heading\"><strong>Identidad y datos de contacto del responsable del tratamiento<\/strong><\/h3>\n\n\n\n<p>El titular de esta Plataforma es MH CASA TECHNOLOGY SPAIN S.L.U., con domicilio social en Marbella (M\u00e1laga), Urbanizaci\u00f3n Parra Palomeras, Villa la Perla, n\u00famero 1, C.P. 29602, provista con el NIF n\u00famero B01600998 e inscrita en el Registro Mercantil de M\u00e1laga, Tomo 5944, folio 6, Hoja MA-155938.<\/p>\n\n\n\n<p>Su e-mail de contacto: support@nexu.co<\/p>\n\n\n\n<h3 class=\"wp-block-heading\"><strong>Datos necesarios para determinados tratamientos<\/strong><\/h3>\n\n\n\n<p>La entrega de los datos por parte de los Usuarios mediante el formulario de registro o el formulario de contacto, as\u00ed como durante la navegaci\u00f3n por la Plataforma es voluntaria, si bien no proporcionar determinados datos puede provocar la imposibilidad de acceso a determinados servicios prestados por la Sociedad.<\/p>\n\n\n\n<p>Los Usuarios responder\u00e1n, en cualquier caso, de la veracidad, exactitud, vigencia y autenticidad de los datos personales facilitados, reserv\u00e1ndose la Sociedad, el derecho a excluir de los servicios a los Usuarios que hayan facilitado datos falsos, sin prejuicio de las dem\u00e1s acciones que procedan en Derecho.<\/p>\n\n\n\n<h3 class=\"wp-block-heading\"><strong>Informaci\u00f3n que se recopila de los Usuarios<\/strong><\/h3>\n\n\n\n<p>La Sociedad trata los siguientes datos personales de los Usuarios:<\/p>\n\n\n\n<ul class=\"wp-block-list\">\n<li><strong>Datos identificativos<\/strong>, por ejemplo, nombre y apellidos.<\/li>\n\n\n\n<li><strong>Datos de contacto<\/strong>, como pueden ser la direcci\u00f3n de e-mail, el n\u00famero de tel\u00e9fono y domicilio postal.<\/li>\n\n\n\n<li><strong>Datos bancarios<\/strong> de los Usuarios, por ejemplo, n\u00famero de tarjeta de d\u00e9bito o cr\u00e9dito y el n\u00famero de la cuenta bancaria.<\/li>\n\n\n\n<li><strong>Datos acad\u00e9micos y profesionales<\/strong>, como, por ejemplo, titulaci\u00f3n, especializaci\u00f3n y el n\u00famero del carn\u00e9 del colegio que le sea de aplicaci\u00f3n al Profesional.<\/li>\n\n\n\n<li>Otros <strong>datos personales que se compartan <\/strong>entre<strong> <\/strong>los Profesionales y los Usuarios Finales que deban ser utilizados para la prestaci\u00f3n de los servicios llevados a cabo por la Sociedad.<\/li>\n\n\n\n<li>Otros <strong>datos personales que puedan aparecer en aquellos mensajes, sugerencias y\/u opiniones<\/strong> remitidas por el Usuario a Nexu.<\/li>\n<\/ul>\n\n\n\n<h3 class=\"wp-block-heading\"><strong>Finalidades y bases jur\u00eddicas del tratamiento<\/strong><\/h3>\n\n\n\n<p>La Sociedad quiere tratar todos los datos recibidos de forma l\u00edcita y para ello debe sustentar el tratamiento de tus datos en una base jur\u00eddica suficiente. De acuerdo con lo anterior, debajo se\u00f1alamos con qu\u00e9 finalidades trata la Sociedad los datos y cu\u00e1l es la base jur\u00eddica en la que se asienta cada una de ellas:<\/p>\n\n\n\n<ul class=\"wp-block-list\">\n<li>Nexu utiliza estos datos <strong>para prestar sus servicios<\/strong> como, por ejemplo, para facilitar el contacto entre los Profesionales y Usuarios Finales, crear el perfil profesional de los Profesionales dentro de la Plataforma, entre otros. Este tratamiento de datos es necesario para que la Sociedad pueda prestar sus servicios y llevar a cabo la ejecuci\u00f3n del contrato entre la Sociedad y los Usuarios que hayan contratado los servicios de Nexu. En caso de que el Usuario no facilite alguno de estos datos, la Sociedad no estar\u00eda en disposici\u00f3n de poder prestar alguno de sus servicios.<\/li>\n<\/ul>\n\n\n\n<ul class=\"wp-block-list\">\n<li>Nexu utiliza estos datos <strong>para verificar <\/strong>los datos del Usuario. La Sociedad considera que tiene un inter\u00e9s leg\u00edtimo para realizar dicho tratamiento de datos en cuanto que le permite comprobar si lo datos facilitados por los Usuarios son veraces y de su titularidad.<\/li>\n<\/ul>\n\n\n\n<ul class=\"wp-block-list\">\n<li>Nexu podr\u00e1 utilizar tambi\u00e9n los datos para <strong>tramitar, gestionar y solucionar eventuales quejas o sugerencias o consultas del Usuario<\/strong>. La Sociedad considera que tiene un inter\u00e9s leg\u00edtimo para realizar dicho tratamiento de datos en cuanto que le permite mejorar sus servicios y la experiencia de los Usuarios.<\/li>\n<\/ul>\n\n\n\n<ul class=\"wp-block-list\">\n<li>La Sociedad podr\u00e1 utilizar los datos de los Usuarios para <strong>contactar con estos e informarles de las \u00faltimas novedades sobre los servicios prestados por la Sociedad<\/strong>. Estas comunicaciones se har\u00e1n solo y exclusivamente tras recabar el consentimiento por parte del Usuario, salvo en el caso de que el Usuario sea ya cliente de Nexu en cuyo caso se podr\u00e1n enviar comunicaciones comerciales referentes a productos y servicios similares a los que fueron contratados.<\/li>\n<\/ul>\n\n\n\n<ul class=\"wp-block-list\">\n<li>Nexu podr\u00e1 tratar los datos bancarios de sus Usuarios al objeto de <strong>gestionar el cobro de los servicios<\/strong> prestados por este. La base jur\u00eddica de dicho tratamiento ser\u00e1 la ejecuci\u00f3n de la relaci\u00f3n contractual que une a Nexu con sus Usuarios.<\/li>\n<\/ul>\n\n\n\n<ul class=\"wp-block-list\">\n<li>La Sociedad podr\u00e1 utilizar los datos de los Usuarios <strong>para evaluar el funcionamiento y conocer la opini\u00f3n de los Usuarios<\/strong> sobre la Plataforma, los Profesionales y los Usuarios Finales. La Sociedad considera que tiene un inter\u00e9s leg\u00edtimo para realizar dicho tratamiento de datos en cuanto que le permite mejorar la calidad de sus servicios y la experiencia de los Usuarios.<\/li>\n<\/ul>\n\n\n\n<h3 class=\"wp-block-heading\"><strong>Aceptaci\u00f3n de los Usuarios<\/strong><\/h3>\n\n\n\n<p>Mediante la aceptaci\u00f3n del Aviso Legal de la Plataforma y de la presente Pol\u00edtica de Privacidad, el Usuario reconoce haber le\u00eddo y entendido las condiciones de uso y los t\u00e9rminos legales establecidos en la presente Pol\u00edtica de Privacidad, y acepta de forma expresa e inequ\u00edvoca la aplicaci\u00f3n de las mismas al uso que realice de la Plataforma durante su navegaci\u00f3n y la prestaci\u00f3n de los correspondientes servicios.<\/p>\n\n\n\n<p>Los Usuarios se declaran expresamente informados y autorizan a la Sociedad para recabar y tratar sus datos para las finalidades indicadas en la presente Pol\u00edtica de Privacidad conforme en la misma se describe.<\/p>\n\n\n\n<p>Los Usuarios deber\u00e1n notificar a la Sociedad cualesquiera modificaciones que se produzcan en los datos facilitados respondiendo, en cualquier caso, de la veracidad y exactitud de los datos suministrados en cada momento. Asimismo, los Usuarios deber\u00e1n abstenerse de cargar cualquier contenido falso o inadmisible conforme al Derecho, la moral, la buena fe y el orden p\u00fablico o que pueda, de cualquier forma, infringir los derechos de terceros.<\/p>\n\n\n\n<p>La Sociedad se reserva, en su caso y sin perjuicio de otras acciones que pudieran corresponderle, el derecho a no prestar los servicios, dar de baja o retirar contenidos de aquellos Usuarios que faciliten datos falsos o incompletos. Todo ello no implica, en ning\u00fan caso, la asunci\u00f3n por la Sociedad de responsabilidad alguna por los da\u00f1os o perjuicios que pudieran derivarse de la falsedad o inexactitud de los datos suministrados o contenidos inadecuados, de las que responder\u00e1 \u00fanicamente el Usuario.<\/p>\n\n\n\n<h3 class=\"wp-block-heading\"><strong>Nexu<\/strong> <strong>como encargado del tratamiento<\/strong><\/h3>\n\n\n\n<p>La normativa en materia de protecci\u00f3n de datos hace distinci\u00f3n entre el \u201cresponsable\u201d y el \u201cencargado\u201d del tratamiento de los datos personales de los Usuarios.&nbsp;<\/p>\n\n\n\n<p>Por ello, informamos de que el Usuario es el responsable de sus datos personales y Nexu ser\u00e1 el encargado del tratamiento de dichos datos personales. Asimismo, se informa al Usuario Final que los datos personales facilitados mediante la Plataforma, en particular, los datos m\u00e9dicos, ser\u00e1n tratados y ser\u00e1n responsabilidad de los Profesionales.<\/p>\n\n\n\n<h3 class=\"wp-block-heading\"><strong>Comunicaci\u00f3n de datos y transferencias internacionales<\/strong><\/h3>\n\n\n\n<p>Los datos personales recogidos a trav\u00e9s de la Plataforma no ser\u00e1n cedidos a ning\u00fan tercero para ser utilizados para sus propios fines distintos aquellos para los que el Usuario ha consentido su tratamiento.<\/p>\n\n\n\n<p>No obstante lo anterior, en el momento en que el Usuario Final se registre en la Plataforma y\/o proceda a la solicitud de la prestaci\u00f3n de los Servicios, la Sociedad compartir\u00e1 los datos personales de los Usuarios Finales con los terceros destinatarios mencionados a continuaci\u00f3n:<\/p>\n\n\n\n<ol class=\"wp-block-list\">\n<li>Profesionales. El Servicio que ofrece Nexu consiste en ofrecer una intermediaci\u00f3n entre los Profesionales y los Usuarios para facilitar el contacto entre estos. El volumen y el tipo de datos personales que Nexu compartir\u00e1 es m\u00ednimo, se limita a los estrictamente necesarios para que los Profesionales puedan prestar los servicios solicitados por el Usuario.<\/li>\n\n\n\n<li>Autoridades u organismos p\u00fablicos. La Sociedad tambi\u00e9n podr\u00e1 revelar los datos personales recabados en los casos concretos en que dicha comunicaci\u00f3n se encuentre establecida y sea exigible por la normativa aplicable; o cuando as\u00ed lo exijan las autoridades competentes.<\/li>\n<\/ol>\n\n\n\n<p>Asimismo, Nexu cuenta con terceras empresas que le ayudan a poder prestar los Servicios a los Usuarios. Por ello, dichas terceras empresas act\u00faan como sub-encargadas del tratamiento de los datos de los Usuarios. Los Usuarios pueden comprobar el listado de dichos subencargados en el siguiente <a href=\"https:\/\/mydoki.com\/subprocesadores\/?lang=es\">enlace<\/a>. A este respecto, Nexu se asegura de que todos sus subencargados de tratamiento act\u00faen de manera confidencial, leal y cumpliendo la normativa aplicable sobre protecci\u00f3n de datos.<\/p>\n\n\n\n<p>Los anteriores destinatarios podr\u00edan alojar fuera de la Uni\u00f3n Europea y del Espacio Econ\u00f3mico Europeo algunos de sus datos. Lo anterior podr\u00eda implicar una transferencia internacional de datos. En este sentido, la Sociedad se preocupa de que dichas transferencias internacionales resultantes queden sujetas a alguna de las garant\u00edas adecuadas descritas en la normativa aplicable tales como la firma de cl\u00e1usulas tipo de protecci\u00f3n de datos.<\/p>\n\n\n\n<h3 class=\"wp-block-heading\"><strong>Plazos de conservaci\u00f3n<\/strong><\/h3>\n\n\n\n<p>La Sociedad almacena los datos personales de los Usuarios en la medida en que se necesiten a fin de poder utilizar los datos seg\u00fan la finalidad para la que fue recabada, y seg\u00fan la base jur\u00eddica del tratamiento de la misma. La Sociedad mantendr\u00e1 los datos personales del Usuario mientras exista una relaci\u00f3n contractual y\/o comercial con el Usuario y mientras \u00e9ste no ejerza los derechos de oposici\u00f3n y\/o supresi\u00f3n del tratamiento de los datos personales. En estos casos la Sociedad mantendr\u00e1 los datos debidamente bloqueados, sin darle ning\u00fan uso, mientras puedan ser necesarios para el ejercicio o defensa de reclamaciones o pueda derivarse alg\u00fan tipo de responsabilidad judicial, legal o contractual de su tratamiento, que deba ser atendida y para lo cual sea necesaria su recuperaci\u00f3n.<\/p>\n\n\n\n<h3 class=\"wp-block-heading\"><strong>Derechos de los Usuarios<\/strong><\/h3>\n\n\n\n<p>En cualquier momento, y\/o cuando as\u00ed lo considere conveniente, los Usuarios podr\u00e1n hacer uso de sus derechos de Acceso, Rectificaci\u00f3n, Cancelaci\u00f3n, Oposici\u00f3n, Portabilidad y Olvido escribiendo al correo electr\u00f3nico de contacto que hemos habilitado para ello: support@nexu.co; adjuntando copia del pasaporte o DNI (titular de los datos) e indicando en el asunto de manera expresa la petici\u00f3n que desea realizar:<\/p>\n\n\n\n<ul class=\"wp-block-list\">\n<li><strong>Acceso<\/strong>: A trav\u00e9s del ejercicio de este derecho puede conocer qu\u00e9 datos de car\u00e1cter personal suyos est\u00e1n siendo tratados por parte de la Sociedad; su finalidad, el origen o su posible transferencia a terceros.<\/li>\n<\/ul>\n\n\n\n<ul class=\"wp-block-list\">\n<li><strong>Rectificaci\u00f3n<\/strong>: Consiste en que pueda modificar sus datos de car\u00e1cter personal que sean inexactos o incompletos, debiendo especificar en la solicitud qu\u00e9 datos desea que se modifiquen.<\/li>\n<\/ul>\n\n\n\n<ul class=\"wp-block-list\">\n<li><strong>Cancelaci\u00f3n<\/strong>: Permite la cancelaci\u00f3n de sus datos personales por inadecuados o excesivos.<\/li>\n<\/ul>\n\n\n\n<ul class=\"wp-block-list\">\n<li><strong>Oposici\u00f3n<\/strong>: Con el derecho de oposici\u00f3n puede oponerse a que no se realice el tratamiento en unos determinados supuestos o para una finalidad concreta, como por ejemplo en el hipot\u00e9tico caso de que sus datos se usasen para actividades de publicidad y prospecci\u00f3n comercial o si el tratamiento tuviese la finalidad de adoptar una decisi\u00f3n referida a usted basada \u00fanicamente en un tratamiento automatizado de sus datos personales.<\/li>\n<\/ul>\n\n\n\n<ul class=\"wp-block-list\">\n<li><strong>Portabilidad<\/strong>: Podr\u00e1 recibir sus datos personales facilitados en un formato estructurado, de uso com\u00fan y lectura mec\u00e1nica, y poder transmitirlos a otro responsable, siempre que sea t\u00e9cnicamente posible.<\/li>\n<\/ul>\n\n\n\n<ul class=\"wp-block-list\">\n<li><strong>Olvido<\/strong>: Podr\u00e1 solicitar la supresi\u00f3n de los datos personales sin dilaci\u00f3n debida cuando concurra alguno de los supuestos contemplados. Por ejemplo, tratamiento il\u00edcito de datos, o cuando haya desaparecido la finalidad que motiv\u00f3 el tratamiento o recogida.<\/li>\n<\/ul>\n\n\n\n<h3 class=\"wp-block-heading\"><strong>Modificaciones de la pol\u00edtica de privacidad<\/strong><\/h3>\n\n\n\n<p>La Sociedad se reserva el derecho a modificar esta Pol\u00edtica de Privacidad para adaptarla a novedades legislativas o jurisprudenciales, as\u00ed como a pr\u00e1cticas de la industria y\/o comercio. Cualquier modificaci\u00f3n en la presente Pol\u00edtica de Privacidad se informar\u00e1 al Usuario y, en caso de ser necesario, se solicitar\u00e1 su aceptaci\u00f3n. En caso de que el Usuario no acepte los nuevos t\u00e9rminos de la pol\u00edtica de contrataci\u00f3n, este podr\u00eda no continuar disfrutando de la prestaci\u00f3n de los servicios por parte de la Sociedad.<\/p>\n\n\n\n<h3 class=\"wp-block-heading\"><strong>Medidas de Seguridad<\/strong><\/h3>\n\n\n\n<p>La Sociedad tratar\u00e1 sus datos personales de manera absolutamente confidencial. Asimismo, ha implantado medidas t\u00e9cnicas y organizativas adecuadas, acordes al tipo de datos recabados, para garantizar la seguridad de sus datos personales y evitar su destrucci\u00f3n, p\u00e9rdida, acceso il\u00edcito o alteraci\u00f3n il\u00edcita. A la hora de determinar estas medidas, se han tenido en cuenta criterios como el alcance, el contexto y los fines del tratamiento; el estado de la t\u00e9cnica y los riesgos existentes.<br>Si tiene cualquier duda sobre nuestra Pol\u00edtica de Privacidad, por favor, contacta con nosotros enviando un e-mail a support@nexu.co. Asimismo, si considera que sus derechos no se atienden debidamente, tiene derecho a presentar una reclamaci\u00f3n ante la Agencia Espa\u00f1ola de Protecci\u00f3n de Datos, cuyos datos de contacto son: Tel\u00e9fonos: 901 100 099 91.266.35.17; Direcci\u00f3n Postal: C\/ Jorge Juan, 6 28001-Madrid; Sede Electr\u00f3nica: https:\/\/sedeagpd.gob.es\/sede-electronica-web\/ y p\u00e1gina web: <a href=\"http:\/\/www.agpd.es\">www.agpd.es<\/a><\/p>\n","protected":false},"excerpt":{"rendered":"<p>La presente pol\u00edtica de privacidad (la \u201cPol\u00edtica de Privacidad\u201d), tiene por finalidad informar, de manera clara y precisa, a los usuarios (en adelante, los \u201cUsuarios Finales\u201d) que naveguen y utilicen la plataforma creada (la \u201cPlataforma\u201d), as\u00ed como informar a aquellos profesionales que hayan contrato o quieran contratar los servicios de Nexu(los \u201dProfesionales\u201d), sobre el tratamiento [&hellip;]<\/p>\n","protected":false},"author":1,"featured_media":0,"parent":0,"menu_order":0,"comment_status":"closed","ping_status":"closed","template":"","meta":{"_eb_attr":"","inline_featured_image":false,"footnotes":""},"class_list":["post-414","page","type-page","status-publish","hentry"],"_links":{"self":[{"href":"https:\/\/nexu.co\/blog\/wp-json\/wp\/v2\/pages\/414","targetHints":{"allow":["GET"]}}],"collection":[{"href":"https:\/\/nexu.co\/blog\/wp-json\/wp\/v2\/pages"}],"about":[{"href":"https:\/\/nexu.co\/blog\/wp-json\/wp\/v2\/types\/page"}],"author":[{"embeddable":true,"href":"https:\/\/nexu.co\/blog\/wp-json\/wp\/v2\/users\/1"}],"replies":[{"embeddable":true,"href":"https:\/\/nexu.co\/blog\/wp-json\/wp\/v2\/comments?post=414"}],"version-history":[{"count":0,"href":"https:\/\/nexu.co\/blog\/wp-json\/wp\/v2\/pages\/414\/revisions"}],"wp:attachment":[{"href":"https:\/\/nexu.co\/blog\/wp-json\/wp\/v2\/media?parent=414"}],"curies":[{"name":"wp","href":"https:\/\/api.w.org\/{rel}","templated":true}]}}